{"id":265,"date":"2017-08-23T04:33:06","date_gmt":"2017-08-23T02:33:06","guid":{"rendered":"https:\/\/www.nutechcanada.com\/?page_id=265&#038;lang=en"},"modified":"2025-10-23T14:29:21","modified_gmt":"2025-10-23T12:29:21","slug":"available-positions","status":"publish","type":"page","link":"https:\/\/www.nutechcanada.com\/en\/working-at-nutech\/available-positions\/","title":{"rendered":"Available positions"},"content":{"rendered":"<p>At Nutech, we\u2019re always looking for passionate new talent to join our team. If you\u2019re motivated, creative, and ready to take on new challenges, explore our job openings below and find the position that aligns with your professional goals.<\/p>\n<h3>Join Us Today<\/h3>\n<p>If you&#8217;re interested in one of these positions, apply directly using the form below or send your resume to<br \/>\n<a href=\"mailto:cv@nutechcanada.com\">cv@nutechcanada.com<\/a><\/p>\n<p>We look forward to receiving your application and potentially welcoming you to the team!<\/p>\n","protected":false},"excerpt":{"rendered":"<p>At Nutech, we\u2019re always looking for passionate new talent to join our team. If you\u2019re motivated, creative, and ready to take on new challenges, explore our job openings below and find the position that aligns with your professional goals. Join Us Today If you&#8217;re interested in one of these positions, apply directly using the form [&hellip;]<\/p>\n","protected":false},"author":1,"featured_media":3089,"parent":263,"menu_order":0,"comment_status":"closed","ping_status":"closed","template":"template-job-offers.php","meta":{"footnotes":""},"class_list":["post-265","page","type-page","status-publish","has-post-thumbnail","hentry"],"yoast_head":"<!-- This site is optimized with the Yoast SEO plugin v24.8.1 - https:\/\/yoast.com\/wordpress\/plugins\/seo\/ -->\n<title>Available positions - Nutech Canada<\/title>\n<meta name=\"robots\" content=\"index, follow, max-snippet:-1, max-image-preview:large, max-video-preview:-1\" \/>\n<link rel=\"canonical\" href=\"https:\/\/www.nutechcanada.com\/en\/working-at-nutech\/available-positions\/\" \/>\n<meta property=\"og:locale\" content=\"en_US\" \/>\n<meta property=\"og:type\" content=\"article\" \/>\n<meta property=\"og:title\" content=\"Available positions - Nutech Canada\" \/>\n<meta property=\"og:description\" content=\"At Nutech, we\u2019re always looking for passionate new talent to join our team. If you\u2019re motivated, creative, and ready to take on new challenges, explore our job openings below and find the position that aligns with your professional goals. Join Us Today If you&#8217;re interested in one of these positions, apply directly using the form [&hellip;]\" \/>\n<meta property=\"og:url\" content=\"https:\/\/www.nutechcanada.com\/en\/working-at-nutech\/available-positions\/\" \/>\n<meta property=\"og:site_name\" content=\"Nutech Canada\" \/>\n<meta property=\"article:modified_time\" content=\"2025-10-23T12:29:21+00:00\" \/>\n<meta property=\"og:image\" content=\"https:\/\/www.nutechcanada.com\/wp-content\/uploads\/2025\/04\/rINFY9171.jpg\" \/>\n\t<meta property=\"og:image:width\" content=\"2000\" \/>\n\t<meta property=\"og:image:height\" content=\"1335\" \/>\n\t<meta property=\"og:image:type\" content=\"image\/jpeg\" \/>\n<meta name=\"twitter:card\" content=\"summary_large_image\" \/>\n<meta name=\"twitter:label1\" content=\"Est. reading time\" \/>\n\t<meta name=\"twitter:data1\" content=\"1 minute\" \/>\n<script type=\"application\/ld+json\" class=\"yoast-schema-graph\">{\"@context\":\"https:\/\/schema.org\",\"@graph\":[{\"@type\":\"WebPage\",\"@id\":\"https:\/\/www.nutechcanada.com\/en\/working-at-nutech\/available-positions\/\",\"url\":\"https:\/\/www.nutechcanada.com\/en\/working-at-nutech\/available-positions\/\",\"name\":\"Available positions - Nutech Canada\",\"isPartOf\":{\"@id\":\"https:\/\/www.nutechcanada.com\/#website\"},\"primaryImageOfPage\":{\"@id\":\"https:\/\/www.nutechcanada.com\/en\/working-at-nutech\/available-positions\/#primaryimage\"},\"image\":{\"@id\":\"https:\/\/www.nutechcanada.com\/en\/working-at-nutech\/available-positions\/#primaryimage\"},\"thumbnailUrl\":\"https:\/\/www.nutechcanada.com\/wp-content\/uploads\/2025\/04\/rINFY9171.jpg\",\"datePublished\":\"2017-08-23T02:33:06+00:00\",\"dateModified\":\"2025-10-23T12:29:21+00:00\",\"breadcrumb\":{\"@id\":\"https:\/\/www.nutechcanada.com\/en\/working-at-nutech\/available-positions\/#breadcrumb\"},\"inLanguage\":\"en-US\",\"potentialAction\":[{\"@type\":\"ReadAction\",\"target\":[\"https:\/\/www.nutechcanada.com\/en\/working-at-nutech\/available-positions\/\"]}]},{\"@type\":\"ImageObject\",\"inLanguage\":\"en-US\",\"@id\":\"https:\/\/www.nutechcanada.com\/en\/working-at-nutech\/available-positions\/#primaryimage\",\"url\":\"https:\/\/www.nutechcanada.com\/wp-content\/uploads\/2025\/04\/rINFY9171.jpg\",\"contentUrl\":\"https:\/\/www.nutechcanada.com\/wp-content\/uploads\/2025\/04\/rINFY9171.jpg\",\"width\":2000,\"height\":1335,\"caption\":\"Op\u00e9rateur CNC en train de faire la production de pi\u00e8ce usin\u00e9 pour le secteur industriel\"},{\"@type\":\"BreadcrumbList\",\"@id\":\"https:\/\/www.nutechcanada.com\/en\/working-at-nutech\/available-positions\/#breadcrumb\",\"itemListElement\":[{\"@type\":\"ListItem\",\"position\":1,\"name\":\"Accueil\",\"item\":\"https:\/\/www.nutechcanada.com\/en\/\"},{\"@type\":\"ListItem\",\"position\":2,\"name\":\"Your career\",\"item\":\"https:\/\/www.nutechcanada.com\/en\/working-at-nutech\/\"},{\"@type\":\"ListItem\",\"position\":3,\"name\":\"Available positions\"}]},{\"@type\":\"WebSite\",\"@id\":\"https:\/\/www.nutechcanada.com\/#website\",\"url\":\"https:\/\/www.nutechcanada.com\/\",\"name\":\"Nutech Canada\",\"description\":\"Vivre en r&eacute;gion\",\"potentialAction\":[{\"@type\":\"SearchAction\",\"target\":{\"@type\":\"EntryPoint\",\"urlTemplate\":\"https:\/\/www.nutechcanada.com\/?s={search_term_string}\"},\"query-input\":{\"@type\":\"PropertyValueSpecification\",\"valueRequired\":true,\"valueName\":\"search_term_string\"}}],\"inLanguage\":\"en-US\"}]}<\/script>\n<!-- \/ Yoast SEO plugin. -->","yoast_head_json":{"title":"Available positions - Nutech Canada","robots":{"index":"index","follow":"follow","max-snippet":"max-snippet:-1","max-image-preview":"max-image-preview:large","max-video-preview":"max-video-preview:-1"},"canonical":"https:\/\/www.nutechcanada.com\/en\/working-at-nutech\/available-positions\/","og_locale":"en_US","og_type":"article","og_title":"Available positions - Nutech Canada","og_description":"At Nutech, we\u2019re always looking for passionate new talent to join our team. If you\u2019re motivated, creative, and ready to take on new challenges, explore our job openings below and find the position that aligns with your professional goals. Join Us Today If you&#8217;re interested in one of these positions, apply directly using the form [&hellip;]","og_url":"https:\/\/www.nutechcanada.com\/en\/working-at-nutech\/available-positions\/","og_site_name":"Nutech Canada","article_modified_time":"2025-10-23T12:29:21+00:00","og_image":[{"width":2000,"height":1335,"url":"https:\/\/www.nutechcanada.com\/wp-content\/uploads\/2025\/04\/rINFY9171.jpg","type":"image\/jpeg"}],"twitter_card":"summary_large_image","twitter_misc":{"Est. reading time":"1 minute"},"schema":{"@context":"https:\/\/schema.org","@graph":[{"@type":"WebPage","@id":"https:\/\/www.nutechcanada.com\/en\/working-at-nutech\/available-positions\/","url":"https:\/\/www.nutechcanada.com\/en\/working-at-nutech\/available-positions\/","name":"Available positions - Nutech Canada","isPartOf":{"@id":"https:\/\/www.nutechcanada.com\/#website"},"primaryImageOfPage":{"@id":"https:\/\/www.nutechcanada.com\/en\/working-at-nutech\/available-positions\/#primaryimage"},"image":{"@id":"https:\/\/www.nutechcanada.com\/en\/working-at-nutech\/available-positions\/#primaryimage"},"thumbnailUrl":"https:\/\/www.nutechcanada.com\/wp-content\/uploads\/2025\/04\/rINFY9171.jpg","datePublished":"2017-08-23T02:33:06+00:00","dateModified":"2025-10-23T12:29:21+00:00","breadcrumb":{"@id":"https:\/\/www.nutechcanada.com\/en\/working-at-nutech\/available-positions\/#breadcrumb"},"inLanguage":"en-US","potentialAction":[{"@type":"ReadAction","target":["https:\/\/www.nutechcanada.com\/en\/working-at-nutech\/available-positions\/"]}]},{"@type":"ImageObject","inLanguage":"en-US","@id":"https:\/\/www.nutechcanada.com\/en\/working-at-nutech\/available-positions\/#primaryimage","url":"https:\/\/www.nutechcanada.com\/wp-content\/uploads\/2025\/04\/rINFY9171.jpg","contentUrl":"https:\/\/www.nutechcanada.com\/wp-content\/uploads\/2025\/04\/rINFY9171.jpg","width":2000,"height":1335,"caption":"Op\u00e9rateur CNC en train de faire la production de pi\u00e8ce usin\u00e9 pour le secteur industriel"},{"@type":"BreadcrumbList","@id":"https:\/\/www.nutechcanada.com\/en\/working-at-nutech\/available-positions\/#breadcrumb","itemListElement":[{"@type":"ListItem","position":1,"name":"Accueil","item":"https:\/\/www.nutechcanada.com\/en\/"},{"@type":"ListItem","position":2,"name":"Your career","item":"https:\/\/www.nutechcanada.com\/en\/working-at-nutech\/"},{"@type":"ListItem","position":3,"name":"Available positions"}]},{"@type":"WebSite","@id":"https:\/\/www.nutechcanada.com\/#website","url":"https:\/\/www.nutechcanada.com\/","name":"Nutech Canada","description":"Vivre en r&eacute;gion","potentialAction":[{"@type":"SearchAction","target":{"@type":"EntryPoint","urlTemplate":"https:\/\/www.nutechcanada.com\/?s={search_term_string}"},"query-input":{"@type":"PropertyValueSpecification","valueRequired":true,"valueName":"search_term_string"}}],"inLanguage":"en-US"}]}},"_links":{"self":[{"href":"https:\/\/www.nutechcanada.com\/en\/wp-json\/wp\/v2\/pages\/265","targetHints":{"allow":["GET"]}}],"collection":[{"href":"https:\/\/www.nutechcanada.com\/en\/wp-json\/wp\/v2\/pages"}],"about":[{"href":"https:\/\/www.nutechcanada.com\/en\/wp-json\/wp\/v2\/types\/page"}],"author":[{"embeddable":true,"href":"https:\/\/www.nutechcanada.com\/en\/wp-json\/wp\/v2\/users\/1"}],"replies":[{"embeddable":true,"href":"https:\/\/www.nutechcanada.com\/en\/wp-json\/wp\/v2\/comments?post=265"}],"version-history":[{"count":6,"href":"https:\/\/www.nutechcanada.com\/en\/wp-json\/wp\/v2\/pages\/265\/revisions"}],"predecessor-version":[{"id":3749,"href":"https:\/\/www.nutechcanada.com\/en\/wp-json\/wp\/v2\/pages\/265\/revisions\/3749"}],"up":[{"embeddable":true,"href":"https:\/\/www.nutechcanada.com\/en\/wp-json\/wp\/v2\/pages\/263"}],"wp:featuredmedia":[{"embeddable":true,"href":"https:\/\/www.nutechcanada.com\/en\/wp-json\/wp\/v2\/media\/3089"}],"wp:attachment":[{"href":"https:\/\/www.nutechcanada.com\/en\/wp-json\/wp\/v2\/media?parent=265"}],"curies":[{"name":"wp","href":"https:\/\/api.w.org\/{rel}","templated":true}]}}